{"id":286,"date":"2020-09-15T10:32:57","date_gmt":"2020-09-15T16:32:57","guid":{"rendered":"https:\/\/imamexico.mx\/?page_id=286"},"modified":"2026-03-10T09:29:38","modified_gmt":"2026-03-10T15:29:38","slug":"alianzas-internacionales","status":"publish","type":"page","link":"https:\/\/imamexico.mx\/en\/alianzas-internacionales\/","title":{"rendered":"International Alliances"},"content":{"rendered":"<div data-elementor-type=\"wp-page\" data-elementor-id=\"286\" class=\"elementor elementor-286\" data-elementor-post-type=\"page\">\n\t\t\t\t\t\t<section class=\"elementor-section elementor-top-section elementor-element elementor-element-8996e6a elementor-section-boxed elementor-section-height-default elementor-section-height-default\" data-id=\"8996e6a\" data-element_type=\"section\" data-e-type=\"section\" data-settings=\"{&quot;background_background&quot;:&quot;classic&quot;}\">\n\t\t\t\t\t\t\t<div class=\"elementor-background-overlay\"><\/div>\n\t\t\t\t\t\t\t<div class=\"elementor-container elementor-column-gap-default\">\n\t\t\t\t\t<div class=\"elementor-column elementor-col-100 elementor-top-column elementor-element elementor-element-9fb4aae\" data-id=\"9fb4aae\" data-element_type=\"column\" data-e-type=\"column\">\n\t\t\t<div class=\"elementor-widget-wrap elementor-element-populated\">\n\t\t\t\t\t\t<section class=\"elementor-section elementor-inner-section elementor-element elementor-element-35197e4 elementor-section-boxed elementor-section-height-default elementor-section-height-default\" data-id=\"35197e4\" data-element_type=\"section\" data-e-type=\"section\">\n\t\t\t\t\t\t<div class=\"elementor-container elementor-column-gap-default\">\n\t\t\t\t\t<div class=\"elementor-column elementor-col-100 elementor-inner-column elementor-element elementor-element-31c65f7\" data-id=\"31c65f7\" data-element_type=\"column\" data-e-type=\"column\">\n\t\t\t<div class=\"elementor-widget-wrap elementor-element-populated\">\n\t\t\t\t\t\t\t<\/div>\n\t\t<\/div>\n\t\t\t\t\t<\/div>\n\t\t<\/section>\n\t\t\t\t\t<\/div>\n\t\t<\/div>\n\t\t\t\t\t<\/div>\n\t\t<\/section>\n\t\t\t\t<section class=\"elementor-section elementor-top-section elementor-element elementor-element-37be037 elementor-section-boxed elementor-section-height-default elementor-section-height-default\" data-id=\"37be037\" data-element_type=\"section\" data-e-type=\"section\">\n\t\t\t\t\t\t<div class=\"elementor-container elementor-column-gap-wider\">\n\t\t\t\t\t<div class=\"elementor-column elementor-col-50 elementor-top-column elementor-element elementor-element-1ac94a8\" data-id=\"1ac94a8\" data-element_type=\"column\" data-e-type=\"column\" data-settings=\"{&quot;background_background&quot;:&quot;classic&quot;}\">\n\t\t\t<div class=\"elementor-widget-wrap elementor-element-populated\">\n\t\t\t\t\t\t<div class=\"elementor-element elementor-element-2aaa8b4 elementor-widget elementor-widget-image\" data-id=\"2aaa8b4\" data-element_type=\"widget\" data-e-type=\"widget\" data-widget_type=\"image.default\">\n\t\t\t\t<div class=\"elementor-widget-container\">\n\t\t\t\t\t\t\t\t\t\t\t\t\t\t\t<img fetchpriority=\"high\" decoding=\"async\" width=\"552\" height=\"206\" src=\"https:\/\/imamexico.mx\/wp-content\/uploads\/2020\/09\/Captura-de-Pantalla-2020-09-15-a-las-16.32.51.png\" class=\"attachment-large size-large wp-image-392\" alt=\"\" srcset=\"https:\/\/imamexico.mx\/wp-content\/uploads\/2020\/09\/Captura-de-Pantalla-2020-09-15-a-las-16.32.51.png 552w, https:\/\/imamexico.mx\/wp-content\/uploads\/2020\/09\/Captura-de-Pantalla-2020-09-15-a-las-16.32.51-300x112.png 300w\" sizes=\"(max-width: 552px) 100vw, 552px\" \/>\t\t\t\t\t\t\t\t\t\t\t\t\t\t\t<\/div>\n\t\t\t\t<\/div>\n\t\t\t\t<div class=\"elementor-element elementor-element-50b23b3 elementor-widget elementor-widget-text-editor\" data-id=\"50b23b3\" data-element_type=\"widget\" data-e-type=\"widget\" data-widget_type=\"text-editor.default\">\n\t\t\t\t<div class=\"elementor-widget-container\">\n\t\t\t\t\t\t\t\t\t<p>We currently have an alliance with the Japanese company NIPSA: <a href=\"https:\/\/www.nipsa.jp\/\">https:\/\/www.nipsa.jp\/<\/a><\/p><p>To provide and receive technical services and support in our country for your projects and we exchange commercial information with the focus of maintaining this alliance by generating jobs in our country or providing goods and services that can be exported to Japan, we are currently receiving personnel to train them in software: catia, nx in order to prepare technicians to work in Japan with Nipsa<\/p>\t\t\t\t\t\t\t\t<\/div>\n\t\t\t\t<\/div>\n\t\t\t\t<div class=\"elementor-element elementor-element-be3e66c elementor-widget__width-auto elementor-widget elementor-widget-image\" data-id=\"be3e66c\" data-element_type=\"widget\" data-e-type=\"widget\" data-widget_type=\"image.default\">\n\t\t\t\t<div class=\"elementor-widget-container\">\n\t\t\t\t\t\t\t\t\t\t\t\t\t\t\t<img decoding=\"async\" width=\"150\" height=\"48\" src=\"https:\/\/imamexico.mx\/wp-content\/uploads\/2026\/03\/logo-imaq1.webp\" class=\"attachment-large size-large wp-image-2114\" alt=\"\" srcset=\"https:\/\/imamexico.mx\/wp-content\/uploads\/2026\/03\/logo-imaq1.webp 150w, https:\/\/imamexico.mx\/wp-content\/uploads\/2026\/03\/logo-imaq1-18x6.webp 18w\" sizes=\"(max-width: 150px) 100vw, 150px\" \/>\t\t\t\t\t\t\t\t\t\t\t\t\t\t\t<\/div>\n\t\t\t\t<\/div>\n\t\t\t\t<div class=\"elementor-element elementor-element-258527e elementor-widget__width-auto elementor-widget elementor-widget-image\" data-id=\"258527e\" data-element_type=\"widget\" data-e-type=\"widget\" data-widget_type=\"image.default\">\n\t\t\t\t<div class=\"elementor-widget-container\">\n\t\t\t\t\t\t\t\t\t\t\t\t\t\t\t<img decoding=\"async\" width=\"583\" height=\"800\" src=\"https:\/\/imamexico.mx\/wp-content\/uploads\/2026\/03\/WhatsApp-Image-2024-09-04-at-10.05.43.jpeg\" class=\"attachment-large size-large wp-image-2115\" alt=\"\" srcset=\"https:\/\/imamexico.mx\/wp-content\/uploads\/2026\/03\/WhatsApp-Image-2024-09-04-at-10.05.43.jpeg 583w, https:\/\/imamexico.mx\/wp-content\/uploads\/2026\/03\/WhatsApp-Image-2024-09-04-at-10.05.43-219x300.jpeg 219w, https:\/\/imamexico.mx\/wp-content\/uploads\/2026\/03\/WhatsApp-Image-2024-09-04-at-10.05.43-9x12.jpeg 9w\" sizes=\"(max-width: 583px) 100vw, 583px\" \/>\t\t\t\t\t\t\t\t\t\t\t\t\t\t\t<\/div>\n\t\t\t\t<\/div>\n\t\t\t\t\t<\/div>\n\t\t<\/div>\n\t\t\t\t<div class=\"elementor-column elementor-col-50 elementor-top-column elementor-element elementor-element-1d86390\" data-id=\"1d86390\" data-element_type=\"column\" data-e-type=\"column\">\n\t\t\t<div class=\"elementor-widget-wrap elementor-element-populated\">\n\t\t\t\t\t\t<div class=\"elementor-element elementor-element-d68e204 elementor-hidden-phone elementor-widget elementor-widget-spacer\" data-id=\"d68e204\" data-element_type=\"widget\" data-e-type=\"widget\" data-widget_type=\"spacer.default\">\n\t\t\t\t<div class=\"elementor-widget-container\">\n\t\t\t\t\t\t\t<div class=\"elementor-spacer\">\n\t\t\t<div class=\"elementor-spacer-inner\"><\/div>\n\t\t<\/div>\n\t\t\t\t\t\t<\/div>\n\t\t\t\t<\/div>\n\t\t\t\t<div class=\"elementor-element elementor-element-e9a0364 elementor-widget__width-initial elementor-absolute elementor-hidden-phone elementor-widget elementor-widget-image\" data-id=\"e9a0364\" data-element_type=\"widget\" data-e-type=\"widget\" data-settings=\"{&quot;_position&quot;:&quot;absolute&quot;}\" data-widget_type=\"image.default\">\n\t\t\t\t<div class=\"elementor-widget-container\">\n\t\t\t\t\t\t\t\t\t\t\t\t\t\t\t<img decoding=\"async\" src=\"https:\/\/imamexico.mx\/wp-content\/uploads\/elementor\/thumbs\/corporate-business-office-ZAL68PW-oviqzisk5swm8eb3lywa8vh7e0b5xg5xg6ugdpz8xs.jpg\" title=\"corporate-business-office-ZAL68PW.jpg\" alt=\"corporate-business-office-ZAL68PW.jpg\" loading=\"lazy\" \/>\t\t\t\t\t\t\t\t\t\t\t\t\t\t\t<\/div>\n\t\t\t\t<\/div>\n\t\t\t\t\t<\/div>\n\t\t<\/div>\n\t\t\t\t\t<\/div>\n\t\t<\/section>\n\t\t\t\t<\/div>","protected":false},"excerpt":{"rendered":"<p>Actualmente tenemos una alianza con la empresa japonesa NIPSA: https:\/\/www.nipsa.jp\/ Para proporcionar \u00a0y recibir servicios t\u00e9cnicos y apoyo en nuestro pa\u00eds para sus proyectos e intercambiamos informaci\u00f3n\u00a0 comercial con el enfoque de mantener esta alianza generando empleos en nuestro pa\u00eds o proporcionar bienes y servicios que se puedan exportar hacia Japon, actualmente estamos recibiendo personal [&hellip;]<\/p>","protected":false},"author":1,"featured_media":0,"parent":0,"menu_order":0,"comment_status":"closed","ping_status":"closed","template":"elementor_header_footer","meta":{"footnotes":""},"class_list":["post-286","page","type-page","status-publish","hentry"],"_links":{"self":[{"href":"https:\/\/imamexico.mx\/en\/wp-json\/wp\/v2\/pages\/286","targetHints":{"allow":["GET"]}}],"collection":[{"href":"https:\/\/imamexico.mx\/en\/wp-json\/wp\/v2\/pages"}],"about":[{"href":"https:\/\/imamexico.mx\/en\/wp-json\/wp\/v2\/types\/page"}],"author":[{"embeddable":true,"href":"https:\/\/imamexico.mx\/en\/wp-json\/wp\/v2\/users\/1"}],"replies":[{"embeddable":true,"href":"https:\/\/imamexico.mx\/en\/wp-json\/wp\/v2\/comments?post=286"}],"version-history":[{"count":16,"href":"https:\/\/imamexico.mx\/en\/wp-json\/wp\/v2\/pages\/286\/revisions"}],"predecessor-version":[{"id":2125,"href":"https:\/\/imamexico.mx\/en\/wp-json\/wp\/v2\/pages\/286\/revisions\/2125"}],"wp:attachment":[{"href":"https:\/\/imamexico.mx\/en\/wp-json\/wp\/v2\/media?parent=286"}],"curies":[{"name":"wp","href":"https:\/\/api.w.org\/{rel}","templated":true}]}}